{"id":1089,"date":"2012-04-08T22:28:43","date_gmt":"2012-04-08T22:28:43","guid":{"rendered":"http:\/\/monicamazzitelli.net\/?page_id=1089"},"modified":"2024-12-16T12:41:04","modified_gmt":"2024-12-16T12:41:04","slug":"om-mig","status":"publish","type":"page","link":"https:\/\/monicamazzitelli.net\/se\/om-mig\/","title":{"rendered":"om mig"},"content":{"rendered":"<p><a href=\"https:\/\/monicamazzitelli.net\/se\/wp-content\/uploads\/2022\/09\/monica-mazzitelli-22-01-12-scaled.jpg\"><img loading=\"lazy\" decoding=\"async\" class=\"wp-image-4526 alignright\" src=\"https:\/\/monicamazzitelli.net\/se\/wp-content\/uploads\/2022\/09\/monica-mazzitelli-22-01-12-scaled.jpg\" alt=\"\" width=\"210\" height=\"281\" srcset=\"https:\/\/monicamazzitelli.net\/se\/wp-content\/uploads\/2022\/09\/monica-mazzitelli-22-01-12-scaled.jpg 1904w, https:\/\/monicamazzitelli.net\/se\/wp-content\/uploads\/2022\/09\/monica-mazzitelli-22-01-12-762x1024.jpg 762w, https:\/\/monicamazzitelli.net\/se\/wp-content\/uploads\/2022\/09\/monica-mazzitelli-22-01-12-768x1032.jpg 768w, https:\/\/monicamazzitelli.net\/se\/wp-content\/uploads\/2022\/09\/monica-mazzitelli-22-01-12-1143x1536.jpg 1143w, https:\/\/monicamazzitelli.net\/se\/wp-content\/uploads\/2022\/09\/monica-mazzitelli-22-01-12-1523x2048.jpg 1523w\" sizes=\"auto, (max-width: 210px) 100vw, 210px\" \/><\/a><\/p>\n<p>Jag \u00e4r en italiensk <strong>regiss\u00f6r<\/strong>, <strong>f\u00f6rfattare,<\/strong> <strong>skribent<\/strong> och <strong>\u00f6vers\u00e4ttare<\/strong> bosatt i G\u00f6teborg. Jag \u00e4r f\u00f6dd i Rom den 22 augusti 1964.<\/p>\n<p><strong>REGI<\/strong><\/p>\n<p>H\u00e4r \u00e4r min <strong><a href=\"https:\/\/vimeo.com\/394786425\" target=\"_blank\" rel=\"noopener noreferrer\">showreel<\/a><\/strong>.<\/p>\n<p>Sammanlagt har mina kortfilmer deltagit p\u00e5 \u00f6ver 200 internationella festivaler, d\u00e4r jag har vunnit m\u00e5nga priser och nomineringar.<\/p>\n<p>Nyligen har jag arbetat p\u00e5 en pilot f\u00f6r en konstn\u00e4rlig dokument\u00e4rfilm om prostitution och porr, och redigerat den som kortfilm. Den heter <a href=\"https:\/\/youtu.be\/GzSXyua-yIY\" target=\"_blank\" rel=\"noopener noreferrer\"><strong><em>The Wedding Cake<\/em><\/strong><\/a>\u201d och blev direkt antagen till <a href=\"https:\/\/program.goteborgfilmfestival.se\/program\/a2aea1aed5a14895bcf47c617633523c\" target=\"_blank\" rel=\"noopener noreferrer\">G\u00f6teborg Film Festival<\/a> och till \u00e5ttio andra festivaler hittills, d\u00e4r den vann m\u00e5nga priser och nomineringar.<\/p>\n<p>Under 2021 har jag blivit uttagen som &#8220;talang&#8221; b\u00e5de f\u00f6r <em><strong>Bergmanveckan<\/strong><\/em> och <em><strong>Uppsala Talangdagar<\/strong><\/em> 2021, d\u00e4r jag har bland annat presenterat ett manus f\u00f6r en miniserie, <em><strong>Klara<\/strong><\/em>.<\/p>\n<p>Min st\u00f6rsta tidigare framg\u00e5ng \u00e4r en dokument\u00e4rfilm som jag filmade i Mo\u00e7ambique; den handlar om ett barnhem f\u00f6r f\u00f6r\u00e4ldral\u00f6sa flickor och heter <em><strong><a href=\"https:\/\/youtu.be\/7DmK43ifrO4\">Dignity<\/a><\/strong><\/em>. Filmen har deltagit i sextio plus festivaler och har vunnit mer \u00e4n tio g\u00e5nger.<\/p>\n<p>Jag hade tidigare goda framg\u00e5ngar med en jazzinspirerad <em>noir<\/em> kortfilm med titeln <em><strong><a href=\"https:\/\/youtu.be\/nInkUTyIvc0\">The Coltrane Code<\/a><\/strong><\/em>. Den antogs till n\u00e4stan trettio internationella filmfestivaler d\u00e4r den fick nomineringar och priser.<br \/>\nInnan dessa regisserade jag en annan kortfilm, <a href=\"https:\/\/youtu.be\/ceOYzFK2p8s\"><em><strong>Midsommar<\/strong><\/em><\/a> (i Stockholm), som ocks\u00e5 har deltagit i flera internationella filmfestivaler, samt cirka 20 diverse kortfilmer inom olika genrer.<br \/>\nP\u00e5 senare tid har jag f\u00e4rdigst\u00e4llt en multimedial konstinstallation <em><strong>Just Looking<\/strong><\/em>\u00a0som finns i en kortfilmsversion. Den visas ocks\u00e5 p\u00e5 olika festivaler med ov\u00e4ntad framg\u00e5ng just nu.<\/p>\n<p>Jag har tidigare filmat flera videor f\u00f6r svenska och italienska musiker, s\u00e4rskilt med Grammis-vinnande jazzpianisten <strong>Daniel Karlsson<\/strong>. Jag valde ut en utav dem, <em><strong><a href=\"https:\/\/youtu.be\/wPY5vpXZspc\">Cowboy Song<\/a><\/strong><\/em>, f\u00f6r att t\u00e4vla p\u00e5 filmfestivaler och den vann n\u00e5gra priser.<\/p>\n<p>Min karri\u00e4r startade n\u00e4stan av en slump, d\u00e5 jag 2006 gjorde en nollbudgetkortfilm som videof\u00f6redrag till ett Iaspis-seminarium i Stockholm. Filmen hette <em><strong>The Disney Trap<\/strong> <strong>\u2013 How copyright steals our stories<\/strong><\/em>\u00a0och p\u00e5 kort tid fick den \u00f6ver 1,84 miljoner tittare p\u00e5 YouTube.<\/p>\n<p>Tidigare hade jag regisserat tv\u00e5 teaterpj\u00e4ser som jag adapterat och iscensatt fr\u00e5n min antologibok <em>Tutti gi\u00f9 all\u2019inferno<\/em>, samt samskrivit en annan pj\u00e4s: <em>Homer and Luther Blissett.<\/em><\/p>\n<p><strong>F\u00d6RFATTARSKAP<\/strong><\/p>\n<p>Som <strong>f\u00f6rfattare<\/strong>, vad g\u00e4ller fiktion, har jag skrivit tv\u00e5 romaner (p\u00e5 italienska). Den f\u00f6rsta heter &#8220;<strong>Tana per la bambina con i capelli a ombrellone<\/strong>&#8221; [&#8220;<strong>Du \u00e4r kullad, flicka med parasollh\u00e5ret<\/strong>&#8220;] och den publicerades under pseudonymen Monica Viola av Rizzoli Bokf\u00f6rlag 2008. Den andra \u00e4r en historisk roman som heter <strong><em>Di morire libera<\/em><\/strong> (\u201c<strong><em>Att d\u00f6 fri<\/em><\/strong>\u201d) som gavs ut i december 2019 av <a href=\"http:\/\/www.lorussoeditore.it\/\" target=\"_blank\" rel=\"noopener noreferrer\">Lorusso Editore.<\/a><a href=\"https:\/\/monicamazzitelli.net\/se\/wp-content\/uploads\/2024\/03\/copertina-definitva-MDCB.jpg\"><img loading=\"lazy\" decoding=\"async\" class=\"wp-image-4642 alignright\" src=\"https:\/\/monicamazzitelli.net\/se\/wp-content\/uploads\/2024\/03\/copertina-definitva-MDCB.jpg\" alt=\"\" width=\"206\" height=\"284\" \/><\/a> 2023 kom den ut i en omfattande reviderad version, med samma f\u00f6rlag men med ny titel:\u00a0<em><strong>Michelina Di Cesare, Briganta<\/strong>.<\/em>\u00a0Den ber\u00e4ttar om en historisk person, Michelina Di Cesare, en kvinnlig bandit som levde under andra halvan av 1800-talet, och jag skulle kunna definiera den som en feministisk k\u00e4nslosam western.<br \/>\nTidigare hade jag redigerat en samling av mina egna och andras ber\u00e4ttelser (<a href=\"http:\/\/monicamazzitelli.net\/metroinferno\/\" target=\"_blank\" rel=\"noopener noreferrer\">Tutti gi\u00f9 all\u2019inferno<\/a>, [\u201d<em>Alla ner i helvetet<\/em>\u201d] som publicerades av bokf\u00f6rlaget Giulio Perrone, 2007).<br \/>\nF\u00f6r \u00f6vrigt har alla mina ber\u00e4ttelser och artiklar publicerats i samlingar, tidningar och p\u00e5 webben.<\/p>\n<p>I Sverige samarbetar jag med tv\u00e5 tidskrifter \u2013<a href=\"https:\/\/www.parabol.press\/author\/monica-mazzitelli\/\" target=\"_blank\" rel=\"noopener\">Parabol<\/a> och <a href=\"https:\/\/www.lyktan.org\/authors\/monica-mazzitelli?lang=sv\" target=\"_blank\" rel=\"noopener\">Lyktan<\/a> \u2013med artiklar, recensioner, intervjuer, reportage och poddar.<\/p>\n<p>Jag har f\u00e5tt \u00e4ran att presentera mitt f\u00f6rfattarskap samt l\u00e4sa mina texter och dikter p\u00e5 svenska i olika sammanhang i Sverige, bland annat p\u00e5 G\u00f6teborgs M\u00e4ssa, G\u00f6teborgs Stadsbibliotek, Fr\u00f6lunda Kulturhus, Angereds Bokm\u00e4ssa och Textival.<\/p>\n<p>Jag \u00e4r chefredakt\u00f6r f\u00f6r en av de mest bes\u00f6kta litteraturbloggarna i Italien som heter <a href=\"http:\/\/www.lapoesiaelospirito.it\/\">La poesia e lo spirito<\/a>. Jag har haft min egen f\u00f6rfattarblogg p\u00e5 Unit\u00e0 online (dagstidning som grundades 1924 av Antonio Gramsci) s\u00e5 l\u00e4nge den existerade.<br \/>\nJag \u00e4r samh\u00e4ll- och kulturskribent med feministisk inriktning och jag har frilansat p\u00e5 m\u00e5nga tidningar i Italien, bland annat:\u00a0 <em>Accattone, Bcomeblog, BlackmailMag, Carmilla,\u00a0Carta, Diario, FaM, Giuseppe Genna, Grandevetro, Inciquid, Kai Zen, Le Donne Visibili, Loop Magazine, Micromega,\u00a0Music on Tnt, Nazione Indiana, Off, Origine, Rassegna\u00a0Sindacale, Slowcult, TabulaRasa, Terranullius, Toilet <\/em>och <em>Unonove<\/em>.<\/p>\n<p>Jag \u00e4lskar spr\u00e5k och har alltid varit verksam som \u00f6vers\u00e4ttare vid sidan om, fr\u00e5n engelska eller svenska till italienska. Nyligen \u00f6versatt jag n\u00e5gra dikter av Karin Boye f\u00f6r en poesiantologi som kommer ut i mars 2022 f\u00f6r italienska f\u00f6rlaget Mondadori.<\/p>\n<p>Jag har masterexamen fr\u00e5n universitetet i Rom La Sapienza i moderna spr\u00e5k och litteratur (engelska, skandinaviska spr\u00e5k och italienska).<\/p>\n<p>2002 grundade jag en grupp av frivilliga l\u00e4sare av opublicerade texter d\u00e4r avsikten var att ge r\u00e5d till ok\u00e4nda f\u00f6rfattare och m\u00f6jligtvis hj\u00e4lpa dem att hitta ett bokf\u00f6rlag till deras verk. Gruppen heter <a href=\"http:\/\/www.iquindici.org\/\">iQuindici<\/a> och den \u00e4r kopplad till <a href=\"http:\/\/www.wumingfoundation.com\/giap\/?p=2840&amp;utm_source=feedburner&amp;utm_medium=email&amp;utm_campaign=Feed%3A+giap+%28giap%29\">Wu Ming Foundation<\/a>. Jag ledde gruppen till och med 2009.<\/p>\n<p>D\u00e5 och d\u00e5 har jag ocks\u00e5 ikl\u00e4tt mig andra roller: musikproducent, s\u00e5ngtextf\u00f6rfattare, sk\u00e5despelerska, fotograf (de flesta bilder p\u00e5 den h\u00e4r webbplatsen \u00e4r mina egna), manusf\u00f6rfattare, festivalarrang\u00f6r, programledare i radio med mera.<\/p>\n<p><em>Senast uppdaterat 2024-11-16<\/em><\/p>\n","protected":false},"excerpt":{"rendered":"<p>Jag \u00e4r en italiensk regiss\u00f6r, f\u00f6rfattare, skribent och \u00f6vers\u00e4ttare bosatt i G\u00f6teborg. Jag \u00e4r f\u00f6dd i Rom den 22 augusti 1964. REGI H\u00e4r \u00e4r min showreel. Sammanlagt har mina kortfilmer deltagit p\u00e5 \u00f6ver 200 internationella festivaler, d\u00e4r jag har vunnit &hellip; <a href=\"https:\/\/monicamazzitelli.net\/se\/om-mig\/\">Continue reading <span class=\"meta-nav\">&rarr;<\/span><\/a><\/p>\n","protected":false},"author":1,"featured_media":0,"parent":0,"menu_order":0,"comment_status":"closed","ping_status":"closed","template":"","meta":{"footnotes":""},"class_list":["post-1089","page","type-page","status-publish","hentry"],"_links":{"self":[{"href":"https:\/\/monicamazzitelli.net\/se\/wp-json\/wp\/v2\/pages\/1089","targetHints":{"allow":["GET"]}}],"collection":[{"href":"https:\/\/monicamazzitelli.net\/se\/wp-json\/wp\/v2\/pages"}],"about":[{"href":"https:\/\/monicamazzitelli.net\/se\/wp-json\/wp\/v2\/types\/page"}],"author":[{"embeddable":true,"href":"https:\/\/monicamazzitelli.net\/se\/wp-json\/wp\/v2\/users\/1"}],"replies":[{"embeddable":true,"href":"https:\/\/monicamazzitelli.net\/se\/wp-json\/wp\/v2\/comments?post=1089"}],"version-history":[{"count":78,"href":"https:\/\/monicamazzitelli.net\/se\/wp-json\/wp\/v2\/pages\/1089\/revisions"}],"predecessor-version":[{"id":4695,"href":"https:\/\/monicamazzitelli.net\/se\/wp-json\/wp\/v2\/pages\/1089\/revisions\/4695"}],"wp:attachment":[{"href":"https:\/\/monicamazzitelli.net\/se\/wp-json\/wp\/v2\/media?parent=1089"}],"curies":[{"name":"wp","href":"https:\/\/api.w.org\/{rel}","templated":true}]}}