{"id":1083,"date":"2012-04-08T22:27:54","date_gmt":"2012-04-08T22:27:54","guid":{"rendered":"http:\/\/monicamazzitelli.net\/?page_id=1083"},"modified":"2020-07-21T06:59:11","modified_gmt":"2020-07-21T06:59:11","slug":"foto","status":"publish","type":"page","link":"https:\/\/monicamazzitelli.net\/se\/foto\/","title":{"rendered":"foto"},"content":{"rendered":"<p><a title=\"\" href=\"http:\/\/monicamazzitelli.net\/en\/wp-content\/uploads\/2012\/04\/2011-10-18-18.41.491.jpg\" target=\"\" rel=\"noopener noreferrer\"><img loading=\"lazy\" decoding=\"async\" class=\"alignleft size-medium wp-image-1122\" style=\"margin-left: 10px; margin-right: 10px;\" title=\"2011-10-18 18.41.49\" src=\"http:\/\/monicamazzitelli.net\/en\/wp-content\/uploads\/2012\/04\/2011-10-18-18.41.491-225x300.jpg\" alt=\"\" width=\"225\" height=\"300\" srcset=\"https:\/\/monicamazzitelli.net\/se\/wp-content\/uploads\/2012\/04\/2011-10-18-18.41.491-225x300.jpg 225w, https:\/\/monicamazzitelli.net\/se\/wp-content\/uploads\/2012\/04\/2011-10-18-18.41.491-768x1024.jpg 768w, https:\/\/monicamazzitelli.net\/se\/wp-content\/uploads\/2012\/04\/2011-10-18-18.41.491-400x533.jpg 400w, https:\/\/monicamazzitelli.net\/se\/wp-content\/uploads\/2012\/04\/2011-10-18-18.41.491.jpg 1536w\" sizes=\"auto, (max-width: 225px) 100vw, 225px\" \/><\/a><\/p>\n<p>Jag \u00e4r ingen s\u00e4rskilt duktig fotograf men vissa tycker att jag har ett bra \u00f6ga.<\/p>\n<p>Jag har i alla fall haft flyt, d\u00e5 n\u00e5gra av mina bilder har anv\u00e4nts som omslagsfoto, illustrationer, artiklar och teaterscenografi.<\/p>\n<p>Alla bilder p\u00e5 denna sida \u00e4r mina i alla fall, om inte annat \u00e4r indikerat.<\/p>\n","protected":false},"excerpt":{"rendered":"<p>Jag \u00e4r ingen s\u00e4rskilt duktig fotograf men vissa tycker att jag har ett bra \u00f6ga. Jag har i alla fall haft flyt, d\u00e5 n\u00e5gra av mina bilder har anv\u00e4nts som omslagsfoto, illustrationer, artiklar och teaterscenografi. Alla bilder p\u00e5 denna sida &hellip; <a href=\"https:\/\/monicamazzitelli.net\/se\/foto\/\">Continue reading <span class=\"meta-nav\">&rarr;<\/span><\/a><\/p>\n","protected":false},"author":1,"featured_media":0,"parent":0,"menu_order":0,"comment_status":"closed","ping_status":"closed","template":"","meta":{"footnotes":""},"class_list":["post-1083","page","type-page","status-publish","hentry"],"_links":{"self":[{"href":"https:\/\/monicamazzitelli.net\/se\/wp-json\/wp\/v2\/pages\/1083","targetHints":{"allow":["GET"]}}],"collection":[{"href":"https:\/\/monicamazzitelli.net\/se\/wp-json\/wp\/v2\/pages"}],"about":[{"href":"https:\/\/monicamazzitelli.net\/se\/wp-json\/wp\/v2\/types\/page"}],"author":[{"embeddable":true,"href":"https:\/\/monicamazzitelli.net\/se\/wp-json\/wp\/v2\/users\/1"}],"replies":[{"embeddable":true,"href":"https:\/\/monicamazzitelli.net\/se\/wp-json\/wp\/v2\/comments?post=1083"}],"version-history":[{"count":7,"href":"https:\/\/monicamazzitelli.net\/se\/wp-json\/wp\/v2\/pages\/1083\/revisions"}],"predecessor-version":[{"id":4183,"href":"https:\/\/monicamazzitelli.net\/se\/wp-json\/wp\/v2\/pages\/1083\/revisions\/4183"}],"wp:attachment":[{"href":"https:\/\/monicamazzitelli.net\/se\/wp-json\/wp\/v2\/media?parent=1083"}],"curies":[{"name":"wp","href":"https:\/\/api.w.org\/{rel}","templated":true}]}}