{"id":1079,"date":"2012-04-08T22:27:15","date_gmt":"2012-04-08T22:27:15","guid":{"rendered":"http:\/\/monicamazzitelli.net\/?page_id=1079"},"modified":"2024-10-18T08:40:39","modified_gmt":"2024-10-18T08:40:39","slug":"artiklar","status":"publish","type":"page","link":"https:\/\/monicamazzitelli.net\/se\/artiklar\/","title":{"rendered":"artiklar"},"content":{"rendered":"<p>I Sverige samarbetar jag med tv\u00e5 tidskrifter: <a href=\"https:\/\/www.parabol.press\/author\/monica-mazzitelli\/\" target=\"_blank\" rel=\"noopener\">Parabol<\/a> och <a href=\"https:\/\/www.lyktan.org\/authors\/monica-mazzitelli?lang=sv\" target=\"_blank\" rel=\"noopener\">Lyktan<\/a> med artiklar, recensioner, intervjuer, reportage.<\/p>\n<p>Jag \u00e4r en av chefredakt\u00f6rerna f\u00f6r litteraturbloggen <a href=\"http:\/\/www.lapoesiaelospirito.it\/\" target=\"_blank\" rel=\"noopener noreferrer\"><em>La poesia e lo spirito,<\/em><\/a> en av de mest bes\u00f6kta litteraturbloggarna i Italien. Jag har tidigare haft min egen f\u00f6rfattarblogg p\u00e5 <em>L&#8217;Unit\u00e0<\/em> online (dagstidning som grundades 1924 av Antonio Gramsci) s\u00e5 l\u00e4nge den existerade.<\/p>\n<p>Jag har skrivit \u00f6ver 200 artiklar och kr\u00f6nikor om kultur och samh\u00e4llsfr\u00e5gor, oftast ur ett feministiskt perspektiv. Jag har bland annat skrivit om film, jazz, konst, teater, dans.<br \/>\nVissa av mina artiklar och kr\u00f6nikor finns \u00e4ven p\u00e5 engelska och svenska, men de flesta har publicerats p\u00e5 italienska tidningar. Bland annat p\u00e5\u00a0<em>Accattone, Bcomeblog, BlackmailMag, Carmilla, Carta, Diario, FaM, Giuseppe Genna, Grandevetro, Inciquid, Kai Zen, Le Donne Visibili, Loop Magazine, Micromega, Music on Tnt, Nazione Indiana, Off, Origine, Rassegna Sindacale, Slowcult, TabulaRasa, Terranullius, Toilet <\/em>och <em>Unonove<\/em>.<\/p>\n","protected":false},"excerpt":{"rendered":"<p>I Sverige samarbetar jag med tv\u00e5 tidskrifter: Parabol och Lyktan med artiklar, recensioner, intervjuer, reportage. Jag \u00e4r en av chefredakt\u00f6rerna f\u00f6r litteraturbloggen La poesia e lo spirito, en av de mest bes\u00f6kta litteraturbloggarna i Italien. Jag har tidigare haft min &hellip; <a href=\"https:\/\/monicamazzitelli.net\/se\/artiklar\/\">Continue reading <span class=\"meta-nav\">&rarr;<\/span><\/a><\/p>\n","protected":false},"author":1,"featured_media":0,"parent":0,"menu_order":0,"comment_status":"closed","ping_status":"closed","template":"","meta":{"footnotes":""},"class_list":["post-1079","page","type-page","status-publish","hentry"],"_links":{"self":[{"href":"https:\/\/monicamazzitelli.net\/se\/wp-json\/wp\/v2\/pages\/1079","targetHints":{"allow":["GET"]}}],"collection":[{"href":"https:\/\/monicamazzitelli.net\/se\/wp-json\/wp\/v2\/pages"}],"about":[{"href":"https:\/\/monicamazzitelli.net\/se\/wp-json\/wp\/v2\/types\/page"}],"author":[{"embeddable":true,"href":"https:\/\/monicamazzitelli.net\/se\/wp-json\/wp\/v2\/users\/1"}],"replies":[{"embeddable":true,"href":"https:\/\/monicamazzitelli.net\/se\/wp-json\/wp\/v2\/comments?post=1079"}],"version-history":[{"count":9,"href":"https:\/\/monicamazzitelli.net\/se\/wp-json\/wp\/v2\/pages\/1079\/revisions"}],"predecessor-version":[{"id":4673,"href":"https:\/\/monicamazzitelli.net\/se\/wp-json\/wp\/v2\/pages\/1079\/revisions\/4673"}],"wp:attachment":[{"href":"https:\/\/monicamazzitelli.net\/se\/wp-json\/wp\/v2\/media?parent=1079"}],"curies":[{"name":"wp","href":"https:\/\/api.w.org\/{rel}","templated":true}]}}