{"id":1078,"date":"2012-04-08T22:30:53","date_gmt":"2012-04-08T22:30:53","guid":{"rendered":"http:\/\/monicamazzitelli.net\/?page_id=1078"},"modified":"2025-09-13T09:01:39","modified_gmt":"2025-09-13T09:01:39","slug":"fiktion","status":"publish","type":"page","link":"https:\/\/monicamazzitelli.net\/se\/fiktion\/","title":{"rendered":"fiktion"},"content":{"rendered":"<p><a href=\"https:\/\/monicamazzitelli.net\/se\/wp-content\/uploads\/2020\/08\/copertina.jpg\"><img loading=\"lazy\" decoding=\"async\" class=\"wp-image-4207 alignleft\" src=\"https:\/\/monicamazzitelli.net\/se\/wp-content\/uploads\/2020\/08\/copertina.jpg\" alt=\"\" width=\"187\" height=\"291\" \/><\/a>Som <strong>f\u00f6rfattarinna<\/strong>\u00a0har jag skrivit tre utgivna romaner och en novellsamling samt \u00f6ver 50 ber\u00e4ttelser, noveller, dikter och s\u00e5ngtexter, samt flera manus och pj\u00e4ser.<\/p>\n<p>Jag har f\u00e5tt \u00e4ran att presentera mitt f\u00f6rfattarskap samt l\u00e4sa mina texter och dikter p\u00e5 svenska i olika sammanhang i Sverige, bland annat p\u00e5 <strong>G\u00f6teborgs M\u00e4ssa<\/strong>, <strong>G\u00f6teborgs Stadsbibliotek<\/strong>, <strong>Fr\u00f6lunda Kulturhus<\/strong>, <strong>Angereds Bokm\u00e4ssa<\/strong> och <strong>Textival<\/strong>.<\/p>\n<p>Mina romaner har givits ut p\u00e5 italienska hittills. Den f\u00f6rsta heter <strong><em>Tana per la bambina con i capelli a ombrellone<\/em><\/strong> \u00a0[&#8220;Du \u00e4r kullad, flicka med parasollh\u00e5r&#8221;] och den publicerades under pseudonymen Monica Viola av Rizzoli Bokf\u00f6rlag, 2008.<\/p>\n<p>Den andra \u00e4r en historisk roman som heter <em><strong>Di morire libera<\/strong><\/em> [\u201cAtt d\u00f6 fri\u201d] som gavs ut i december 2019 av f\u00f6rlaget <a href=\"http:\/\/www.lorussoeditore.it\/\" target=\"_blank\" rel=\"noopener noreferrer\">Lorusso Editore.<\/a>\u00a02023 kom den ut i en omfattande reviderad version, med samma f\u00f6rlag men med ny titel: <em><strong>Michelina Di Cesare, Briganta<\/strong>.<\/em> <a href=\"https:\/\/monicamazzitelli.net\/se\/wp-content\/uploads\/2024\/03\/copertina-definitva-MDCB.jpg\"><img loading=\"lazy\" decoding=\"async\" class=\"wp-image-4642 alignright\" src=\"https:\/\/monicamazzitelli.net\/se\/wp-content\/uploads\/2024\/03\/copertina-definitva-MDCB.jpg\" alt=\"\" width=\"206\" height=\"284\" \/><\/a>Den ber\u00e4ttar om en historisk person, Michelina Di Cesare, en kvinnlig bandit som levde under andra halvan av 1800-talet, och jag skulle kunna definiera den som en k\u00e4nslosam feministisk western.<\/p>\n<p>Just nu h\u00e5ller jag p\u00e5 att skriva en ny roman, som utspelar sig i G\u00f6teborg. F\u00f6r denna har jag haft \u00e4ran att f\u00e5 prov\u00f6vers\u00e4ttningsst\u00f6d av V\u00e4stra G\u00f6talandsregionen 2021, samt ett ett\u00e5rigt arbetsstipendium av Sveriges f\u00f6rfattarfond.<\/p>\n<p>Ut\u00f6ver romanerna, kurerade jag \u00e4ven en antologi av mina egna och andras ber\u00e4ttelser, <a href=\"http:\/\/monicamazzitelli.net\/metroinferno\/\" target=\"_blank\" rel=\"noopener noreferrer\"><em><strong>Tutti gi\u00f9 all\u2019inferno<\/strong><\/em><\/a> [&#8220;<em>Alla ner i helvetet<\/em>\u201d], som publicerades \u00e5r 2007 av bokf\u00f6rlaget Giulio Perrone.<\/p>\n<p><a title=\"\" href=\"http:\/\/monicamazzitelli.net\/wp-content\/uploads\/2012\/04\/cover-tutti-gi%C3%B9-final.jpg\" target=\"\" rel=\"noopener noreferrer\"><img loading=\"lazy\" decoding=\"async\" class=\"wp-image-1118 alignleft\" title=\"cover tutti gi\u00f9 final\" src=\"http:\/\/monicamazzitelli.net\/en\/wp-content\/uploads\/2012\/04\/cover-tutti-gi\u00f9-final1-185x300.jpg\" alt=\"\" width=\"155\" height=\"245\" \/><\/a>Mina ber\u00e4ttelser har publicerats i flera samlingar, tidningar och p\u00e5 webben. N\u00e5gra av de antologier d\u00e4r mina ber\u00e4ttelser ing\u00e5r \u00e4r:<strong><em> Il lavoro e i giorni<\/em><\/strong> (Ediesse, 2008), <strong><em>Dizionario affettivo della lingua italiana<\/em><\/strong> (Fandango 2008, under pseudonymen Monica Viola), <strong><em>Allupa allupa<\/em><\/strong> (DeriveApprodi, 2006), <strong><em>Deaths in Venice<\/em><\/strong> (Carteggi Letterari, 2017), <strong><em>Babbo Natale \u00e8 strunz<\/em><\/strong> (80144 edizioni, 2010), <strong><em>Assedi e paure nella casa Occidente<\/em><\/strong> (Senzapatria Editore, 2010), och <strong><em>Copyleft<\/em><\/strong> (Gaffi Editore, 2005).<\/p>\n<p>Jag har inte skrivit poesi s\u00e4rskilt ofta, men nyligen har jag b\u00f6rjat skapa n\u00e5gra feministiska dikter om vardagen. Dessa har f\u00e5tt ett positivt mottagande fr\u00e5n publiken p\u00e5 bokm\u00e4ssor, festivaler och kulturhus.<\/p>\n<p><a href=\"https:\/\/monicamazzitelli.net\/se\/wp-content\/uploads\/2024\/03\/Versi-di-liberta-copertina.jpg\"><img loading=\"lazy\" decoding=\"async\" class=\"wp-image-4643 alignright\" src=\"https:\/\/monicamazzitelli.net\/se\/wp-content\/uploads\/2024\/03\/Versi-di-liberta-copertina.jpg\" alt=\"\" width=\"173\" height=\"254\" \/><\/a>Min erfarenhet som<strong> frilans\u00f6vers\u00e4ttare<\/strong> startade under mina universitets-studier i moderna spr\u00e5k och har fr\u00e4mst fokuserat p\u00e5 att \u00f6vers\u00e4tta fr\u00e5n engelska till italienska. Detta \u00e4r en passion som jag har h\u00e5llit vid liv, och p\u00e5 senare \u00e5r har jag \u00e4ven b\u00f6rjat \u00f6vers\u00e4tta fr\u00e5n svenska till italienska.<\/p>\n<p>Mitt senaste uppdrag var att \u00f6vers\u00e4tta n\u00e5gra av Karin Boyes dikter f\u00f6r <strong><em>Versi di libert\u00e0<\/em><\/strong> [\u201d<strong><em>Frihetsverser<\/em><\/strong>\u201d], en antologi som samlar verk av kvinnliga poeter fr\u00e5n olika delar av v\u00e4rlden. Redakt\u00f6ren var poeten Maria Grazia Calandrone. Boken publicerades den 8:e mars 2022 av Mondadori Editore.<\/p>\n<p>Jag har masterexamen fr\u00e5n universitetet i Rom La Sapienza i moderna spr\u00e5k och litteratur (engelska, skandinaviska spr\u00e5k och italienska).<\/p>\n<p>Jag \u00e4r medlem i <a href=\"https:\/\/ff.forfattarcentrum.se\/forfattare\/4645\/Monica_Mazzitelli\" target=\"_blank\" rel=\"noopener noreferrer\"><em><strong>F\u00f6rfattarcentrum V\u00e4st<\/strong><\/em><\/a> sedan 2019 och i F\u00f6rfattarf\u00f6rbundet.<\/p>\n<p><a href=\"https:\/\/monicamazzitelli.net\/se\/wp-content\/uploads\/2020\/09\/f\u00f6rattarcentrum.jpg\"><img loading=\"lazy\" decoding=\"async\" class=\"aligncenter size-full wp-image-4225\" src=\"https:\/\/monicamazzitelli.net\/se\/wp-content\/uploads\/2020\/09\/f\u00f6rattarcentrum.jpg\" alt=\"\" width=\"785\" height=\"260\" srcset=\"https:\/\/monicamazzitelli.net\/se\/wp-content\/uploads\/2020\/09\/f\u00f6rattarcentrum.jpg 785w, https:\/\/monicamazzitelli.net\/se\/wp-content\/uploads\/2020\/09\/f\u00f6rattarcentrum-300x99.jpg 300w, https:\/\/monicamazzitelli.net\/se\/wp-content\/uploads\/2020\/09\/f\u00f6rattarcentrum-768x254.jpg 768w, https:\/\/monicamazzitelli.net\/se\/wp-content\/uploads\/2020\/09\/f\u00f6rattarcentrum-500x166.jpg 500w\" sizes=\"auto, (max-width: 785px) 100vw, 785px\" \/><\/a><\/p>\n","protected":false},"excerpt":{"rendered":"<p>Som f\u00f6rfattarinna\u00a0har jag skrivit tre utgivna romaner och en novellsamling samt \u00f6ver 50 ber\u00e4ttelser, noveller, dikter och s\u00e5ngtexter, samt flera manus och pj\u00e4ser. Jag har f\u00e5tt \u00e4ran att presentera mitt f\u00f6rfattarskap samt l\u00e4sa mina texter och dikter p\u00e5 svenska i &hellip; <a href=\"https:\/\/monicamazzitelli.net\/se\/fiktion\/\">Continue reading <span class=\"meta-nav\">&rarr;<\/span><\/a><\/p>\n","protected":false},"author":1,"featured_media":0,"parent":0,"menu_order":0,"comment_status":"closed","ping_status":"closed","template":"","meta":{"footnotes":""},"class_list":["post-1078","page","type-page","status-publish","hentry"],"_links":{"self":[{"href":"https:\/\/monicamazzitelli.net\/se\/wp-json\/wp\/v2\/pages\/1078","targetHints":{"allow":["GET"]}}],"collection":[{"href":"https:\/\/monicamazzitelli.net\/se\/wp-json\/wp\/v2\/pages"}],"about":[{"href":"https:\/\/monicamazzitelli.net\/se\/wp-json\/wp\/v2\/types\/page"}],"author":[{"embeddable":true,"href":"https:\/\/monicamazzitelli.net\/se\/wp-json\/wp\/v2\/users\/1"}],"replies":[{"embeddable":true,"href":"https:\/\/monicamazzitelli.net\/se\/wp-json\/wp\/v2\/comments?post=1078"}],"version-history":[{"count":16,"href":"https:\/\/monicamazzitelli.net\/se\/wp-json\/wp\/v2\/pages\/1078\/revisions"}],"predecessor-version":[{"id":4727,"href":"https:\/\/monicamazzitelli.net\/se\/wp-json\/wp\/v2\/pages\/1078\/revisions\/4727"}],"wp:attachment":[{"href":"https:\/\/monicamazzitelli.net\/se\/wp-json\/wp\/v2\/media?parent=1078"}],"curies":[{"name":"wp","href":"https:\/\/api.w.org\/{rel}","templated":true}]}}